{"id":1437,"date":"2013-09-06T15:19:20","date_gmt":"2013-09-06T15:19:20","guid":{"rendered":"http:\/\/impreza.us-themes.net\/pages\/contact-2\/"},"modified":"2025-07-22T15:05:50","modified_gmt":"2025-07-22T13:05:50","slug":"contact-2","status":"publish","type":"page","link":"https:\/\/gueye-dieteticienne.fr\/?page_id=1437","title":{"rendered":"Contact"},"content":{"rendered":"<section class=\"l-section wpb_row height_medium color_primary with_img\"><div class=\"l-section-img\" style=\"background-image: url(https:\/\/gueye-dieteticienne.fr\/wp-content\/uploads\/2021\/02\/cote-azur_2000x560.jpg);background-repeat: no-repeat;\" data-img-width=\"2000\" data-img-height=\"560\"><\/div><div class=\"l-section-h i-cf\"><div class=\"g-cols offset_small\"><div class=\"vc_col-sm-12 wpb_column vc_column_container\"><div class=\"vc_column-inner\"><div class=\"w-separator type_invisible size_huge thick_1 style_solid color_border cont_none\"><span class=\"w-separator-h\"><\/span><\/div><div class=\"w-separator type_invisible size_large thick_1 style_solid color_border cont_none\"><span class=\"w-separator-h\"><\/span><\/div><div class=\"w-separator type_invisible size_huge thick_1 style_solid color_border cont_none\"><span class=\"w-separator-h\"><\/span><\/div><\/div><\/div><\/div><\/div><\/section><section class=\"l-section wpb_row height_medium with_img\"><div class=\"l-section-img\" style=\"background-image: url(https:\/\/gueye-dieteticienne.fr\/wp-content\/uploads\/2021\/01\/contact.jpg);background-position: top center;background-repeat: no-repeat;\" data-img-width=\"2430\" data-img-height=\"1295\"><\/div><div class=\"l-section-h i-cf\"><div class=\"g-cols offset_small\"><div class=\"vc_col-sm-6 wpb_column vc_column_container\"><div class=\"vc_column-inner\"><div class=\"w-separator type_invisible size_large thick_1 style_solid color_border cont_none\"><span class=\"w-separator-h\"><\/span><\/div><div class=\"w-image animate_afl d2\"><div class=\"us-frame\"><a href=\"https:\/\/www.google.fr\/maps\/place\/06250+Mougins\/@43.5930652,6.9870819,14z\/data=!3m1!4b1!4m5!3m4!1s0x12cc298c1a3f87fd:0x696272c195ffade6!8m2!3d43.6023319!4d7.006491\" title=\"\" target=\"_blank\" rel=\"\"><img loading=\"lazy\" decoding=\"async\" width=\"800\" height=\"600\" src=\"https:\/\/gueye-dieteticienne.fr\/wp-content\/uploads\/2021\/03\/map-2.jpg\" class=\"attachment-large size-large\" alt=\"\" srcset=\"https:\/\/gueye-dieteticienne.fr\/wp-content\/uploads\/2021\/03\/map-2.jpg 800w, https:\/\/gueye-dieteticienne.fr\/wp-content\/uploads\/2021\/03\/map-2-300x225.jpg 300w, https:\/\/gueye-dieteticienne.fr\/wp-content\/uploads\/2021\/03\/map-2-768x576.jpg 768w, https:\/\/gueye-dieteticienne.fr\/wp-content\/uploads\/2021\/03\/map-2-600x450.jpg 600w\" sizes=\"auto, (max-width: 800px) 100vw, 800px\" \/><\/a><\/div><\/div><div class=\"wpb_text_column \"><div class=\"wpb_wrapper\"><a style=\"display: flex; text-align: center; background-color: #107aca; color: #ffffff; font-size: 14px; overflow: hidden; font-family: Roboto, sans-serif; box-sizing: border-box; align-items: center; padding: 0 24px; z-index: 1000; height: 48px; text-decoration: none; position: fixed; bottom: 16px; right: 16px; border-bottom-left-radius: none; border-bottom-right-radius: none; border-top-left-radius: 4px; border-top-right-radius: 4px; border-radius: 24px;\" href=\"https:\/\/www.doctolib.fr\/dieteticien\/mougins\/n-deye-amy-gueye\/booking?bookingFunnelSource=external_referral&amp;utm_campaign=website-button&amp;utm_source=n-deye-amy-gueye-website-button&amp;utm_medium=referral&amp;utm_content=withoutpreview-blue-floating-bottom-right&amp;utm_term=n-deye-amy-gueye\" target=\"_blank\" rel=\"noopener\"> <!-- -->Prendre rendez-vous<!-- --> <img decoding=\"async\" style=\"height: 19px; vertical-align: middle; width: auto;\" src=\"https:\/\/pro.doctolib.fr\/external_button\/doctolib-white-transparent.png\" alt=\"Doctolib\" \/><\/a><\/div> <\/div> <\/div><\/div><div class=\"vc_col-sm-6 wpb_column vc_column_container animate_afr d2\"><div class=\"vc_column-inner\"><div class=\"w-separator type_invisible size_large thick_1 style_solid color_border cont_none\"><span class=\"w-separator-h\"><\/span><\/div><div class=\"wpb_text_column \"><div class=\"wpb_wrapper\">\n<blockquote>\n<h4><strong>CONTACT <\/strong>&#8211; INFOS<\/h4>\n<\/blockquote>\n<p>Pour toutes questions contactez moi ci dessous :<\/p>\n<ul>\n<li>Prenez RDV par t\u00e9l\u00e9phone : <strong>07 66 75 56 15<\/strong><\/li>\n<li>Prenez rendez-vous par mail : <strong>amydiet06@gmail.com<\/strong><\/li>\n<\/ul>\n<\/div> <\/div> \n<div class=\"wpcf7 no-js\" id=\"wpcf7-f5-o1\" lang=\"fr-FR\" dir=\"ltr\">\n<div class=\"screen-reader-response\"><p role=\"status\" aria-live=\"polite\" aria-atomic=\"true\"><\/p> <ul><\/ul><\/div>\n<form action=\"\/index.php?rest_route=%2Fwp%2Fv2%2Fpages%2F1437#wpcf7-f5-o1\" method=\"post\" class=\"wpcf7-form init\" aria-label=\"Formulaire de contact\" novalidate=\"novalidate\" data-status=\"init\">\n<div style=\"display: none;\">\n<input type=\"hidden\" name=\"_wpcf7\" value=\"5\" \/>\n<input type=\"hidden\" name=\"_wpcf7_version\" value=\"5.7.7\" \/>\n<input type=\"hidden\" name=\"_wpcf7_locale\" value=\"fr_FR\" \/>\n<input type=\"hidden\" name=\"_wpcf7_unit_tag\" value=\"wpcf7-f5-o1\" \/>\n<input type=\"hidden\" name=\"_wpcf7_container_post\" value=\"0\" \/>\n<input type=\"hidden\" name=\"_wpcf7_posted_data_hash\" value=\"\" \/>\n<\/div>\n<p><label> Nom & Pr\u00e9nom<br \/>\n<span class=\"wpcf7-form-control-wrap\" data-name=\"your-name\"><input size=\"40\" class=\"wpcf7-form-control wpcf7-text wpcf7-validates-as-required\" aria-required=\"true\" aria-invalid=\"false\" value=\"\" type=\"text\" name=\"your-name\" \/><\/span> <\/label><br \/>\n<label> Email<br \/>\n<span class=\"wpcf7-form-control-wrap\" data-name=\"your-email\"><input size=\"40\" class=\"wpcf7-form-control wpcf7-text wpcf7-email wpcf7-validates-as-required wpcf7-validates-as-email\" aria-required=\"true\" aria-invalid=\"false\" value=\"\" type=\"email\" name=\"your-email\" \/><\/span> <\/label><br \/>\n<label> Telephone<br \/>\n<span class=\"wpcf7-form-control-wrap\" data-name=\"telephone\"><input size=\"40\" class=\"wpcf7-form-control wpcf7-text wpcf7-validates-as-required\" aria-required=\"true\" aria-invalid=\"false\" value=\"\" type=\"text\" name=\"telephone\" \/><\/span> <\/label><br \/>\n<label> Sexe<br \/>\n<span class=\"wpcf7-form-control-wrap\" data-name=\"sexe\"><span class=\"wpcf7-form-control wpcf7-checkbox wpcf7-validates-as-required wpcf7-exclusive-checkbox\"><span class=\"wpcf7-list-item first\"><input type=\"checkbox\" name=\"sexe\" value=\"Homme\" \/><span class=\"wpcf7-list-item-label\">Homme<\/span><\/span><span class=\"wpcf7-list-item last\"><input type=\"checkbox\" name=\"sexe\" value=\"Femme\" \/><span class=\"wpcf7-list-item-label\">Femme<\/span><\/span><\/span><\/span> <\/label><br \/>\n<label> Motif du rendez-vous<br \/>\n<span class=\"wpcf7-form-control-wrap\" data-name=\"menu-521\"><select class=\"wpcf7-form-control wpcf7-select\" aria-invalid=\"false\" name=\"menu-521\"><option value=\"Choix...\">Choix...<\/option><option value=\"Consultation initiale\">Consultation initiale<\/option><option value=\"Consultation de suivi\">Consultation de suivi<\/option><option value=\"Consultation en ligne\">Consultation en ligne<\/option><option value=\"R\u00e9\u00e9quilibrage alimentaire\">R\u00e9\u00e9quilibrage alimentaire<\/option><option value=\"Cours de cuisine\">Cours de cuisine<\/option><option value=\"Batch cooking\">Batch cooking<\/option><\/select><\/span> <\/label><br \/>\n<label> Message, renseignement, autres...<br \/>\n<span class=\"wpcf7-form-control-wrap\" data-name=\"your-message\"><textarea cols=\"40\" rows=\"10\" class=\"wpcf7-form-control wpcf7-textarea\" aria-invalid=\"false\" name=\"your-message\"><\/textarea><\/span> <\/label>\n<\/p>\n<p><input class=\"wpcf7-form-control has-spinner wpcf7-submit\" type=\"submit\" value=\"Envoyer\" \/>\n<\/p><div class=\"wpcf7-response-output\" aria-hidden=\"true\"><\/div>\n<\/form>\n<\/div>\n<\/div><\/div><\/div><\/div><\/section><section class=\"l-section wpb_row height_auto\"><div class=\"l-section-h i-cf\"><div class=\"g-cols offset_small\"><div class=\"vc_col-sm-12 wpb_column vc_column_container\"><div class=\"vc_column-inner\"><div class=\"w-separator type_default size_small thick_1 style_solid color_border cont_icon\"><span class=\"w-separator-h\"><i class=\"fa fa-star\"><\/i><\/span><\/div><div class=\"g-cols wpb_row offset_small vc_inner \"><div class=\"vc_col-sm-6 wpb_column vc_column_container\"><div class=\"vc_column-inner\"><div class=\"wpb_text_column \"><div class=\"wpb_wrapper\"><strong>Je vous consulte\u00a0 au cabinet \u00e0 Mougins ou \u00e0 Cannes, o\u00f9\u00a0<\/strong><strong>\u00e0 domicile (<\/strong><strong>sur rendez-vous uniquement).<\/strong><\/p>\n<ul>\n<li>Du lundi au vendredi de 9h30 \u00e0 19h30 sur rendez-vous.<\/li>\n<li>Le samedi de 10h \u00e0 14h sur rendez-vous<\/li>\n<\/ul>\n<\/div> <\/div> <\/div><\/div><div class=\"vc_col-sm-6 wpb_column vc_column_container\"><div class=\"vc_column-inner\"><div class=\"wpb_text_column \"><div class=\"wpb_wrapper\"><strong>Lieux :<\/strong><br \/>\nMerci de m\u2019indiquer votre lieu d\u2019habitation lors de la prise de contact.<\/div> <\/div> <\/div><\/div><\/div><div class=\"w-separator type_invisible size_small thick_1 style_solid color_border cont_none\"><span class=\"w-separator-h\"><\/span><\/div><\/div><\/div><\/div><\/div><\/section>\n","protected":false},"excerpt":{"rendered":"Prendre rendez-vous CONTACT - INFOS Pour toutes questions contactez moi ci dessous : Prenez RDV par t\u00e9l\u00e9phone : 07 66 75 56 15 Prenez rendez-vous par mail : amydiet06@gmail.com Nom...","protected":false},"author":1,"featured_media":0,"parent":0,"menu_order":0,"comment_status":"closed","ping_status":"closed","template":"","meta":{"footnotes":""},"class_list":["post-1437","page","type-page","status-publish","hentry"],"_links":{"self":[{"href":"https:\/\/gueye-dieteticienne.fr\/index.php?rest_route=\/wp\/v2\/pages\/1437","targetHints":{"allow":["GET"]}}],"collection":[{"href":"https:\/\/gueye-dieteticienne.fr\/index.php?rest_route=\/wp\/v2\/pages"}],"about":[{"href":"https:\/\/gueye-dieteticienne.fr\/index.php?rest_route=\/wp\/v2\/types\/page"}],"author":[{"embeddable":true,"href":"https:\/\/gueye-dieteticienne.fr\/index.php?rest_route=\/wp\/v2\/users\/1"}],"replies":[{"embeddable":true,"href":"https:\/\/gueye-dieteticienne.fr\/index.php?rest_route=%2Fwp%2Fv2%2Fcomments&post=1437"}],"version-history":[{"count":0,"href":"https:\/\/gueye-dieteticienne.fr\/index.php?rest_route=\/wp\/v2\/pages\/1437\/revisions"}],"wp:attachment":[{"href":"https:\/\/gueye-dieteticienne.fr\/index.php?rest_route=%2Fwp%2Fv2%2Fmedia&parent=1437"}],"curies":[{"name":"wp","href":"https:\/\/api.w.org\/{rel}","templated":true}]}}