{"id":5094,"date":"2021-01-18T18:53:43","date_gmt":"2021-01-18T17:53:43","guid":{"rendered":"http:\/\/gueye-dieteticienne.fr\/?page_id=5094"},"modified":"2025-07-22T15:16:52","modified_gmt":"2025-07-22T13:16:52","slug":"ma-methode","status":"publish","type":"page","link":"https:\/\/gueye-dieteticienne.fr\/?page_id=5094","title":{"rendered":"Ma m\u00e9thode"},"content":{"rendered":"<section class=\"l-section wpb_row height_medium color_primary with_img\"><div class=\"l-section-img\" style=\"background-image: url(https:\/\/gueye-dieteticienne.fr\/wp-content\/uploads\/2021\/02\/Diet-Plan-1.jpg);background-repeat: no-repeat;\" data-img-width=\"1500\" data-img-height=\"993\"><\/div><div class=\"l-section-h i-cf\"><div class=\"g-cols offset_small\"><div class=\"vc_col-sm-12 wpb_column vc_column_container\"><div class=\"vc_column-inner\"><div class=\"wpb_text_column \"><div class=\"wpb_wrapper\"><a style=\"display: flex; text-align: center; background-color: #107aca; color: #ffffff; font-size: 14px; overflow: hidden; font-family: Roboto, sans-serif; box-sizing: border-box; align-items: center; padding: 0 24px; z-index: 1000; height: 48px; text-decoration: none; position: fixed; bottom: 16px; right: 16px; border-bottom-left-radius: none; border-bottom-right-radius: none; border-top-left-radius: 4px; border-top-right-radius: 4px; border-radius: 24px;\" href=\"https:\/\/www.doctolib.fr\/dieteticien\/mougins\/n-deye-amy-gueye\/booking?bookingFunnelSource=external_referral&amp;utm_campaign=website-button&amp;utm_source=n-deye-amy-gueye-website-button&amp;utm_medium=referral&amp;utm_content=withoutpreview-blue-floating-bottom-right&amp;utm_term=n-deye-amy-gueye\" target=\"_blank\" rel=\"noopener\"> <!-- -->Prendre rendez-vous<!-- --> <img decoding=\"async\" style=\"height: 19px; vertical-align: middle; width: auto;\" src=\"https:\/\/pro.doctolib.fr\/external_button\/doctolib-white-transparent.png\" alt=\"Doctolib\" \/><\/a><\/div> <\/div> <div class=\"w-separator type_invisible size_huge thick_1 style_solid color_border cont_none\"><span class=\"w-separator-h\"><\/span><\/div><div class=\"wpb_text_column \"><div class=\"wpb_wrapper\">\n<h1 style=\"text-align: center;\"><b>MA <\/b>METHODE<\/h1>\n<\/div> <\/div> <div class=\"w-separator type_invisible size_huge thick_1 style_solid color_border cont_none\"><span class=\"w-separator-h\"><\/span><\/div><\/div><\/div><\/div><\/div><\/section><section class=\"l-section wpb_row height_medium with_img\"><div class=\"l-section-img\" style=\"background-image: url(https:\/\/gueye-dieteticienne.fr\/wp-content\/uploads\/2021\/01\/methode.jpg);background-position: top center;background-repeat: no-repeat;\" data-img-width=\"2430\" data-img-height=\"1295\"><\/div><div class=\"l-section-h i-cf\"><div class=\"g-cols offset_small\"><div class=\"vc_col-sm-12 wpb_column vc_column_container\"><div class=\"vc_column-inner\"><div class=\"g-cols wpb_row offset_small vc_inner \"><div class=\"vc_col-sm-6 wpb_column vc_column_container animate_afl d2\"><div class=\"vc_column-inner\"><div class=\"w-separator type_invisible size_huge thick_1 style_solid color_border cont_none\"><span class=\"w-separator-h\"><\/span><\/div><div class=\"wpb_text_column \"><div class=\"wpb_wrapper\">\n<h1><span style=\"font-weight: 400;\">Vous trouverez ici une \u00e9coute bienveillante, une aide efficace,<br \/>\n<span style=\"color: #ff9900;\">pour prendre soin de vous.<\/span><br \/>\n<\/span><\/h1>\n<\/div> <\/div> <div class=\"wpb_text_column \"><div class=\"wpb_wrapper\"><p>Tout d\u2019abord mon r\u00f4le en tant que di\u00e9t\u00e9ticienne est de vous \u00e9couter, de prendre le temps de vous conna\u00eetre afin de comprendre l\u2019histoire de votre poids et ainsi mieux vous accompagner vers vos objectifs.<\/p>\n<h4 style=\"text-align: justify;\"><strong>Pour cela 3 points important :<\/strong><\/h4>\n<p>Mes conseils di\u00e9t\u00e9tiques sont bas\u00e9s sur l\u2019\u00e9quilibre nutritionnel, une alimentation saine et naturelle alli\u00e9 au plaisir de manger.<\/p>\n<ul>\n<li><strong>Nutrition : <\/strong>La nutrition et l\u2019alimentation sont les cl\u00e9s de notre sant\u00e9.<strong><br \/>\n<\/strong><\/li>\n<li><strong>Activit\u00e9 physique :<\/strong>\u00a0 l\u2019activit\u00e9 physique adapt\u00e9e aux capacit\u00e9s de chaque personne, est b\u00e9n\u00e9fique pour le corps et l&rsquo;esprit et pour votre bien-\u00eatre en g\u00e9n\u00e9ral. Dans le cadre de votre r\u00e9\u00e9quilibrage alimentaire, elle vous permettra d\u2019atteindre plus rapidement vos objectifs et de maintenir un poids stable.<\/li>\n<li><strong>La Gourmandise<\/strong> : La gourmandise n\u2019est pas un vilain d\u00e9faut. Cuisiner des plats app\u00e9tissants, ne vous interdire aucun aliment et manger en pleine conscience seront pour vous le gage d\u2019un poids stable durablement.<\/li>\n<\/ul>\n<\/p><\/div> <\/div> <\/div><\/div><div class=\"vc_col-sm-6 wpb_column vc_column_container animate_afr d2\"><div class=\"vc_column-inner\"><div class=\"w-separator type_invisible size_huge thick_1 style_solid color_border cont_none\"><span class=\"w-separator-h\"><\/span><\/div><div class=\"w-separator type_invisible size_large thick_1 style_solid color_border cont_none\"><span class=\"w-separator-h\"><\/span><\/div><div class=\"w-slider\"><div class=\"us-frame\"><div class=\"royalSlider rsDefault\"><div class=\"rsContent\"><img decoding=\"async\" class=\"rsImg\" data-rsw=\"1024\" data-rsh=\"765\" src=\"https:\/\/gueye-dieteticienne.fr\/wp-content\/uploads\/2021\/02\/1-1-1024x765.jpg\"><\/div><div class=\"rsContent\"><img decoding=\"async\" class=\"rsImg\" data-rsw=\"1024\" data-rsh=\"765\" src=\"https:\/\/gueye-dieteticienne.fr\/wp-content\/uploads\/2021\/02\/2-1-1024x765.jpg\"><\/div><div class=\"rsContent\"><img decoding=\"async\" class=\"rsImg\" data-rsw=\"1024\" data-rsh=\"765\" src=\"https:\/\/gueye-dieteticienne.fr\/wp-content\/uploads\/2021\/02\/3-1-1024x765.jpg\"><\/div><div class=\"rsContent\"><img decoding=\"async\" class=\"rsImg\" data-rsw=\"1024\" data-rsh=\"765\" src=\"https:\/\/gueye-dieteticienne.fr\/wp-content\/uploads\/2021\/02\/4-1-1024x765.jpg\"><\/div><div class=\"rsContent\"><img decoding=\"async\" class=\"rsImg\" data-rsw=\"1024\" data-rsh=\"765\" src=\"https:\/\/gueye-dieteticienne.fr\/wp-content\/uploads\/2021\/02\/5-1-1024x765.jpg\"><\/div><div class=\"rsContent\"><img decoding=\"async\" class=\"rsImg\" data-rsw=\"1024\" data-rsh=\"765\" src=\"https:\/\/gueye-dieteticienne.fr\/wp-content\/uploads\/2021\/02\/6-1024x765.jpg\"><\/div><\/div><div class=\"w-slider-json\" onclick='return {&quot;transitionSpeed&quot;:300,&quot;loopRewind&quot;:true,&quot;slidesSpacing&quot;:0,&quot;imageScalePadding&quot;:0,&quot;numImagesToPreload&quot;:2,&quot;arrowsNav&quot;:false,&quot;arrowsNavAutoHide&quot;:false,&quot;transitionType&quot;:&quot;move&quot;,&quot;block&quot;:{&quot;moveEffect&quot;:&quot;none&quot;,&quot;speed&quot;:300},&quot;controlNavigation&quot;:&quot;none&quot;,&quot;autoplay&quot;:{&quot;enabled&quot;:true,&quot;pauseOnHover&quot;:true,&quot;delay&quot;:2000},&quot;imageScaleMode&quot;:&quot;fit-if-smaller&quot;,&quot;autoScaleSlider&quot;:true,&quot;autoScaleSliderWidth&quot;:1024,&quot;autoScaleSliderHeight&quot;:765,&quot;fitInViewport&quot;:false}'><\/div><\/div><\/div><\/div><\/div><\/div><\/div><\/div><\/div><\/div><\/section><section class=\"l-section wpb_row height_medium color_secondary with_img with_overlay\"><div class=\"l-section-img\" style=\"background-image: url(https:\/\/gueye-dieteticienne.fr\/wp-content\/uploads\/2021\/02\/BIEN_ETRE_AU_TRAVAIL_panoralarger.jpg);\" data-img-width=\"1200\" data-img-height=\"600\"><\/div><div class=\"l-section-overlay\" style=\"background-color: rgba(10,10,10,0.42)\"><\/div><div class=\"l-section-h i-cf\"><div class=\"g-cols offset_small\"><div class=\"vc_col-sm-6 wpb_column vc_column_container\"><div class=\"vc_column-inner\"><div class=\"wpb_text_column \"><div class=\"wpb_wrapper\">\n<h4><strong>D\u00e9roulement des s\u00e9ances :<\/strong><\/h4>\n<p><strong>Choisissez o\u00f9 ? : A votre domicile ou\u00a0\u00e0 mon cabinet<\/strong><br \/>\nGain de temps, je me rends \u00e0 votre domicile (pas de d\u00e9placement), vous b\u00e9n\u00e9ficiez d\u2019un suivi r\u00e9gulier qui s\u2019adapte \u00e0 votre mode de vie.<\/p>\n<p><strong>Quand ? :<\/strong><br \/>\nPratique, vous choisissez la date, la plage horaire qui vous convient.<\/p>\n<p><strong>Comment ? :<\/strong><br \/>\nEfficace, vous pouvez recevoir vos documents, vos recettes et votre suivi m\u00eame en d\u00e9placement (via votre mail, t\u00e9l\u00e9phone ou whatsapp).<br \/>\nPour commencer j\u2019aime travailler avec un journal alimentaire que vous aurez rempli au pr\u00e9alable sur quelques jours. (cliquez ici pour le t\u00e9l\u00e9charger)<\/div> <\/div> <div class=\"w-btn-wrapper align_left\"><a class=\"w-btn style_outlined color_primary icon_none\" href=\"http:\/\/gueye-dieteticienne.fr\/wp-content\/uploads\/2021\/03\/Journal-alimentaire.pdf\" style=\"font-size: 13px;\"><span class=\"w-btn-label\">T\u00e9l\u00e9charger le journal<\/span><\/a><\/div><\/div><\/div><div class=\"vc_col-sm-6 wpb_column vc_column_container\"><div class=\"vc_column-inner\"><div class=\"wpb_text_column \"><div class=\"wpb_wrapper\">\n<p style=\"text-align: justify;\"><span style=\"font-weight: 400;\">Apr\u00e8s un entretien d\u2019une heure environ, un bilan alimentaire et des recommandations \u00e9crites vous sont remises.<\/span><\/p>\n<p style=\"text-align: justify;\"><span style=\"font-weight: 400;\">Le suivi dans le temps sera adapt\u00e9 \u00e0 vos besoins, mais Il faudra au moins 1 ou 2 RDV de suivis, afin d\u2019adapter mes conseils \u00e0 toutes les situations et r\u00e9pondre aux questions que vous vous posez.\u00a0<\/span><\/p>\n<\/div> <\/div> <\/div><\/div><\/div><\/div><\/section>\n","protected":false},"excerpt":{"rendered":"Prendre rendez-vous MA METHODE Vous trouverez ici une \u00e9coute bienveillante, une aide efficace, pour prendre soin de vous. Tout d\u2019abord mon r\u00f4le en tant que di\u00e9t\u00e9ticienne est de vous \u00e9couter,...","protected":false},"author":1,"featured_media":0,"parent":0,"menu_order":0,"comment_status":"closed","ping_status":"closed","template":"","meta":{"footnotes":""},"class_list":["post-5094","page","type-page","status-publish","hentry"],"_links":{"self":[{"href":"https:\/\/gueye-dieteticienne.fr\/index.php?rest_route=\/wp\/v2\/pages\/5094","targetHints":{"allow":["GET"]}}],"collection":[{"href":"https:\/\/gueye-dieteticienne.fr\/index.php?rest_route=\/wp\/v2\/pages"}],"about":[{"href":"https:\/\/gueye-dieteticienne.fr\/index.php?rest_route=\/wp\/v2\/types\/page"}],"author":[{"embeddable":true,"href":"https:\/\/gueye-dieteticienne.fr\/index.php?rest_route=\/wp\/v2\/users\/1"}],"replies":[{"embeddable":true,"href":"https:\/\/gueye-dieteticienne.fr\/index.php?rest_route=%2Fwp%2Fv2%2Fcomments&post=5094"}],"version-history":[{"count":2,"href":"https:\/\/gueye-dieteticienne.fr\/index.php?rest_route=\/wp\/v2\/pages\/5094\/revisions"}],"predecessor-version":[{"id":5643,"href":"https:\/\/gueye-dieteticienne.fr\/index.php?rest_route=\/wp\/v2\/pages\/5094\/revisions\/5643"}],"wp:attachment":[{"href":"https:\/\/gueye-dieteticienne.fr\/index.php?rest_route=%2Fwp%2Fv2%2Fmedia&parent=5094"}],"curies":[{"name":"wp","href":"https:\/\/api.w.org\/{rel}","templated":true}]}}